{"id":688,"date":"2021-09-05T15:58:02","date_gmt":"2021-09-05T15:58:02","guid":{"rendered":"https:\/\/vvv-weissenthurm.de\/?page_id=688"},"modified":"2021-09-05T16:30:10","modified_gmt":"2021-09-05T16:30:10","slug":"katholische-kirche-weissenthurm","status":"publish","type":"page","link":"https:\/\/vvv-weissenthurm.de\/?page_id=688","title":{"rendered":"Katholische Kirche Weissenthurm"},"content":{"rendered":"\n<p>Auf den folgenden Seiten sehen Sie Aufnahmen der Katholischen Pfarrkirche Heilige Dreifaltigkeit in Weissenthurm. Die urspr\u00fcnglichen Glasmalereien wurden gr\u00f6\u00dftenteils im Krieg zerst\u00f6rt. Einige Fragmente wurden um 1970 in der heutigen Fassung eingebaut. Die acht Langhausfenster thematisierten die acht Seligkeiten. Als Heilige wurden \u00fcberwiegend die vierzehn Nothelfer dargestellt. <\/p>\n\n\n\n<p>Die Aufnahmen wurden dem VVV von der Forschungsstelle Glasmalerei des 20. Jh. e.V. in 41068 M\u00f6nchengladbach zu Verf\u00fcgung gestellt &#8211; hierf\u00fcr unser herzlicher Dank.<\/p>\n\n\n\n<p><a href=\"https:\/\/vvv-weissenthurm.de\/?page_id=698\">Zur Bildergallerie<\/a><\/p>\n\n\n\n<p>Forschungsstelle Glasmalerei des 20. Jh. e.V.<br>Winkeln 66<br>D-41068 M\u00f6nchengladbach<br>Tel. 02161-952767<br>E-Mail: stiftung_glas@t-online.de\/<br>dr.jansen-winkeln@glasmalerei-ev.de<br>Internet: www.glasmalerei-ev.de<\/p>\n","protected":false},"excerpt":{"rendered":"<p>Auf den folgenden Seiten sehen Sie Aufnahmen der Katholischen Pfarrkirche Heilige Dreifaltigkeit in Weissenthurm. Die urspr\u00fcnglichen Glasmalereien wurden gr\u00f6\u00dftenteils im Krieg zerst\u00f6rt. Einige Fragmente wurden um 1970 in der heutigen Fassung eingebaut. Die acht Langhausfenster thematisierten die acht Seligkeiten. Als &hellip; <a href=\"https:\/\/vvv-weissenthurm.de\/?page_id=688\">Weiterlesen <span class=\"meta-nav\">&rarr;<\/span><\/a><\/p>\n","protected":false},"author":1,"featured_media":0,"parent":0,"menu_order":0,"comment_status":"closed","ping_status":"closed","template":"","meta":{"footnotes":""},"class_list":["post-688","page","type-page","status-publish","hentry"],"_links":{"self":[{"href":"https:\/\/vvv-weissenthurm.de\/index.php?rest_route=\/wp\/v2\/pages\/688","targetHints":{"allow":["GET"]}}],"collection":[{"href":"https:\/\/vvv-weissenthurm.de\/index.php?rest_route=\/wp\/v2\/pages"}],"about":[{"href":"https:\/\/vvv-weissenthurm.de\/index.php?rest_route=\/wp\/v2\/types\/page"}],"author":[{"embeddable":true,"href":"https:\/\/vvv-weissenthurm.de\/index.php?rest_route=\/wp\/v2\/users\/1"}],"replies":[{"embeddable":true,"href":"https:\/\/vvv-weissenthurm.de\/index.php?rest_route=%2Fwp%2Fv2%2Fcomments&post=688"}],"version-history":[{"count":11,"href":"https:\/\/vvv-weissenthurm.de\/index.php?rest_route=\/wp\/v2\/pages\/688\/revisions"}],"predecessor-version":[{"id":703,"href":"https:\/\/vvv-weissenthurm.de\/index.php?rest_route=\/wp\/v2\/pages\/688\/revisions\/703"}],"wp:attachment":[{"href":"https:\/\/vvv-weissenthurm.de\/index.php?rest_route=%2Fwp%2Fv2%2Fmedia&parent=688"}],"curies":[{"name":"wp","href":"https:\/\/api.w.org\/{rel}","templated":true}]}}