{"id":66,"date":"2020-02-25T18:06:53","date_gmt":"2020-02-25T18:06:53","guid":{"rendered":"http:\/\/vvv-weissenthurm.de\/?page_id=66"},"modified":"2022-11-20T10:27:13","modified_gmt":"2022-11-20T10:27:13","slug":"der-vorstand","status":"publish","type":"page","link":"https:\/\/vvv-weissenthurm.de\/?page_id=66","title":{"rendered":"der VVV"},"content":{"rendered":"\n<p>Der VVV stellt sich vor<\/p>\n\n\n\n<p>Zweck des Verkehrs- und Versch\u00f6nerungsvereins Wei\u00dfenthurm\nist es, das Stadtbild durch geeignete Ma\u00dfnahmen zu versch\u00f6nern, den\nHeimatgedanken zu vertiefen und heimatliches Brauchtum und Sitte zu pflegen.<\/p>\n\n\n\n<p>Insbesondere den B\u00fcrgern der Stadt Wei\u00dfenthurm, aber auch\nden Fremden und Touristen soll ein attraktives Umfeld in der Stadt Wei\u00dfenthurm\ngeboten werden.<\/p>\n\n\n\n<p>Der Satzungszweck wird verwirklicht durch die Erhaltung und\nVersch\u00f6nerung der Stadt Wei\u00dfenthurm und seiner Landschaft, dem Schutz der\nNatur, der Denkmalpflege sowie der Pflege der Geschichte, Kunst und Kultur.<\/p>\n\n\n\n<p>Vorstand des Vereins<\/p>\n\n\n\n<p>Vorsitzende: Kerstin Pretz<\/p>\n\n\n\n<p>2.ter Vorsitzende: Reinhard L\u00f6hr<\/p>\n\n\n\n<p>Kassierer: Wolfgang Hanisch<\/p>\n\n\n\n<p>Gesch\u00e4ftsf\u00fchrer: Johannes Juchem<\/p>\n\n\n\n<p>Besitzer: Gerd Heim, Christel Zeyen,  Arnulf Schlauss, Martin Meyen, Christina Juchem, Heinz Pretz<\/p>\n\n\n\n<p>               <\/p>\n","protected":false},"excerpt":{"rendered":"<p>Der VVV stellt sich vor Zweck des Verkehrs- und Versch\u00f6nerungsvereins Wei\u00dfenthurm ist es, das Stadtbild durch geeignete Ma\u00dfnahmen zu versch\u00f6nern, den Heimatgedanken zu vertiefen und heimatliches Brauchtum und Sitte zu pflegen. Insbesondere den B\u00fcrgern der Stadt Wei\u00dfenthurm, aber auch den &hellip; <a href=\"https:\/\/vvv-weissenthurm.de\/?page_id=66\">Weiterlesen <span class=\"meta-nav\">&rarr;<\/span><\/a><\/p>\n","protected":false},"author":1,"featured_media":0,"parent":0,"menu_order":0,"comment_status":"closed","ping_status":"closed","template":"sidebar-page.php","meta":{"footnotes":""},"class_list":["post-66","page","type-page","status-publish","hentry"],"_links":{"self":[{"href":"https:\/\/vvv-weissenthurm.de\/index.php?rest_route=\/wp\/v2\/pages\/66","targetHints":{"allow":["GET"]}}],"collection":[{"href":"https:\/\/vvv-weissenthurm.de\/index.php?rest_route=\/wp\/v2\/pages"}],"about":[{"href":"https:\/\/vvv-weissenthurm.de\/index.php?rest_route=\/wp\/v2\/types\/page"}],"author":[{"embeddable":true,"href":"https:\/\/vvv-weissenthurm.de\/index.php?rest_route=\/wp\/v2\/users\/1"}],"replies":[{"embeddable":true,"href":"https:\/\/vvv-weissenthurm.de\/index.php?rest_route=%2Fwp%2Fv2%2Fcomments&post=66"}],"version-history":[{"count":8,"href":"https:\/\/vvv-weissenthurm.de\/index.php?rest_route=\/wp\/v2\/pages\/66\/revisions"}],"predecessor-version":[{"id":752,"href":"https:\/\/vvv-weissenthurm.de\/index.php?rest_route=\/wp\/v2\/pages\/66\/revisions\/752"}],"wp:attachment":[{"href":"https:\/\/vvv-weissenthurm.de\/index.php?rest_route=%2Fwp%2Fv2%2Fmedia&parent=66"}],"curies":[{"name":"wp","href":"https:\/\/api.w.org\/{rel}","templated":true}]}}