{"id":56,"date":"2020-02-25T17:58:13","date_gmt":"2020-02-25T17:58:13","guid":{"rendered":"http:\/\/vvv-weissenthurm.de\/?page_id=56"},"modified":"2020-05-10T11:16:04","modified_gmt":"2020-05-10T11:16:04","slug":"mitglied-werden","status":"publish","type":"page","link":"https:\/\/vvv-weissenthurm.de\/?page_id=56","title":{"rendered":"Mitglied werden"},"content":{"rendered":"\n<p>Wie Sie sicher wissen, k\u00fcmmert sich der Wei\u00dfenthurmer VVV um die Erhaltung und Versch\u00f6nerung unserer sch\u00f6nen Stadt. Hier auf unserer Webseite k\u00f6nnen Sie nachlesen,<strong>\u00a0welche Projekte<\/strong>\u00a0wir in den letzten Jahrzehnten realisiert und welche wir\u00a0<strong>f\u00fcr die<\/strong><a href=\"https:\"><strong> <\/strong><\/a><strong>Zukunft geplant<\/strong>\u00a0haben.\u00a0<\/p>\n\n\n\n<p>Vielleicht wollen Sie uns dabei unterst\u00fctzen? Dann werden Sie Mitglied beim VVV!<\/p>\n\n\n\n<figure class=\"wp-block-image size-large is-resized\"><a href=\"http:\/\/vvv-weissenthurm.de\/wp-content\/uploads\/2020\/05\/Beitritt_VVV_11_2018-1.pdf\" target=\"_blank\" rel=\"noopener noreferrer\"><img loading=\"lazy\" decoding=\"async\" src=\"http:\/\/vvv-weissenthurm.de\/wp-content\/uploads\/2020\/05\/beitritt.gif\" alt=\"\" class=\"wp-image-161\" width=\"276\" height=\"373\"\/><\/a><\/figure>\n\n\n\n<div class=\"wp-block-group is-layout-flow wp-block-group-is-layout-flow\"><div class=\"wp-block-group__inner-container\"><\/div><\/div>\n","protected":false},"excerpt":{"rendered":"<p>Wie Sie sicher wissen, k\u00fcmmert sich der Wei\u00dfenthurmer VVV um die Erhaltung und Versch\u00f6nerung unserer sch\u00f6nen Stadt. Hier auf unserer Webseite k\u00f6nnen Sie nachlesen,\u00a0welche Projekte\u00a0wir in den letzten Jahrzehnten realisiert und welche wir\u00a0f\u00fcr die Zukunft geplant\u00a0haben.\u00a0 Vielleicht wollen Sie uns &hellip; <a href=\"https:\/\/vvv-weissenthurm.de\/?page_id=56\">Weiterlesen <span class=\"meta-nav\">&rarr;<\/span><\/a><\/p>\n","protected":false},"author":1,"featured_media":0,"parent":0,"menu_order":0,"comment_status":"closed","ping_status":"closed","template":"sidebar-page.php","meta":{"footnotes":""},"class_list":["post-56","page","type-page","status-publish","hentry"],"_links":{"self":[{"href":"https:\/\/vvv-weissenthurm.de\/index.php?rest_route=\/wp\/v2\/pages\/56","targetHints":{"allow":["GET"]}}],"collection":[{"href":"https:\/\/vvv-weissenthurm.de\/index.php?rest_route=\/wp\/v2\/pages"}],"about":[{"href":"https:\/\/vvv-weissenthurm.de\/index.php?rest_route=\/wp\/v2\/types\/page"}],"author":[{"embeddable":true,"href":"https:\/\/vvv-weissenthurm.de\/index.php?rest_route=\/wp\/v2\/users\/1"}],"replies":[{"embeddable":true,"href":"https:\/\/vvv-weissenthurm.de\/index.php?rest_route=%2Fwp%2Fv2%2Fcomments&post=56"}],"version-history":[{"count":8,"href":"https:\/\/vvv-weissenthurm.de\/index.php?rest_route=\/wp\/v2\/pages\/56\/revisions"}],"predecessor-version":[{"id":169,"href":"https:\/\/vvv-weissenthurm.de\/index.php?rest_route=\/wp\/v2\/pages\/56\/revisions\/169"}],"wp:attachment":[{"href":"https:\/\/vvv-weissenthurm.de\/index.php?rest_route=%2Fwp%2Fv2%2Fmedia&parent=56"}],"curies":[{"name":"wp","href":"https:\/\/api.w.org\/{rel}","templated":true}]}}