{"id":54,"date":"2020-02-25T17:57:47","date_gmt":"2020-02-25T17:57:47","guid":{"rendered":"http:\/\/vvv-weissenthurm.de\/?page_id=54"},"modified":"2020-10-22T07:01:42","modified_gmt":"2020-10-22T07:01:42","slug":"chronik","status":"publish","type":"page","link":"https:\/\/vvv-weissenthurm.de\/?page_id=54","title":{"rendered":"Chronik"},"content":{"rendered":"\n<p class=\"has-medium-font-size\"><span style=\"color:#e70c0f\" class=\"has-inline-color\">Die Geschichte des VVV<\/span><\/p>\n\n\n\n<div class=\"wp-block-group\"><div class=\"wp-block-group__inner-container is-layout-flow wp-block-group-is-layout-flow\">\n<p><span style=\"color:#e70c0f\" class=\"has-inline-color\">1964<\/span><\/p>\n\n\n\n<p>Vereinsgr\u00fcndung<\/p>\n<\/div><\/div>\n\n\n\n<p><span style=\"color:#e70c0f\" class=\"has-inline-color\">1984<\/span><\/p>\n\n\n\n<p>Stiftung des Feuerwerks anl\u00e4sslich des Bierfestes<\/p>\n\n\n\n<p><span style=\"color:#e70c0f\" class=\"has-inline-color\">1986<\/span><\/p>\n\n\n\n<p>Aufstellung des Schiffermast am Rheinufer<\/p>\n\n\n\n<p>Beteiligung am Eulenturmbasar<\/p>\n\n\n\n<p><span style=\"color:#e70c0f\" class=\"has-inline-color\">1987<\/span><\/p>\n\n\n\n<p>Herausgabe des Bildband Wei\u00dfenthurm wie es auch einmal war<\/p>\n\n\n\n<p><span style=\"color:#e70c0f\" class=\"has-inline-color\">1988<\/span><\/p>\n\n\n\n<p>Stiftung des Feuerwerks anl\u00e4sslich des letzten Wei\u00dfenthurmer Bierfestes<\/p>\n\n\n\n<p>Stiftung zweier B\u00e4nke die im Bereich der Kirmeswiese am Rhein aufgestellt wurden<\/p>\n\n\n\n<p><span style=\"color:#e70c0f\" class=\"has-inline-color\">1990<\/span><\/p>\n\n\n\n<p>Schenkung einer Rheinland-Pfalz Karte an die Stadt und die Grundschule<\/p>\n\n\n\n<p>Stiftung von 2 Ruheb\u00e4nken am Rheinufer<\/p>\n\n\n\n<p><span style=\"color:#e70c0f\" class=\"has-inline-color\">1991<\/span><\/p>\n\n\n\n<p>Ausrichtung eins Handwerker- und Gewerbemarkts anl\u00e4sslich des Jubil\u00e4ums-Stadtfestes 125 Jahre Gemeinde \u2013 25 Jahre Stadtrechte<\/p>\n\n\n\n<p><span style=\"color:#e70c0f\" class=\"has-inline-color\">1995<\/span><\/p>\n\n\n\n<p>\u00dcbergabe eines Schecks in H\u00f6he von 8.000 DM an die Stadt Wei\u00dfenthurm, damit die Rheinanlagen nach den verheerenden Hochwasser wieder im alten Glanz erscheinen konnten.<\/p>\n\n\n\n<p>An die gesch\u00e4digten Anwohner des Hochwassers wurden 2000 DM verteilt<\/p>\n\n\n\n<p><span style=\"color:#e70c0f\" class=\"has-inline-color\">2000<\/span><\/p>\n\n\n\n<p>Die ersten Proppertage fanden statt<\/p>\n\n\n\n<p><span style=\"color:#e70c0f\" class=\"has-inline-color\">2001<\/span><\/p>\n\n\n\n<p>Stiftung vom 11 Parkb\u00e4nken<\/p>\n\n\n\n<p>Das erste Turmcafe fand statt<\/p>\n\n\n\n<p><span style=\"color:#e70c0f\" class=\"has-inline-color\">2003<\/span><\/p>\n\n\n\n<p>In Zusammenarbeit mit der GWG wurde ein neuer Stadtplan erstellt<\/p>\n\n\n\n<p>2 Fahnen f\u00fcr den Eulenturm wurden gestiftet<\/p>\n\n\n\n<p><span style=\"color:#e70c0f\" class=\"has-inline-color\">2006<\/span><\/p>\n\n\n\n<p>Stiftung zweier Schilder f\u00fcr den Leinpfad<\/p>\n\n\n\n<p><span style=\"color:#e70c0f\" class=\"has-inline-color\">2009<\/span><\/p>\n\n\n\n<p>Zusammen mit der GWG wurde die Weihnachtsbeleuchtung angeschafft<\/p>\n\n\n\n<p>Seit diesem Jahr werden die Proppertage eigenst\u00e4ndig vom VVV in Zusammenarbeit mit der Stadt Wei\u00dfenthurm organisiert<\/p>\n\n\n\n<p><span style=\"color:#e70c0f\" class=\"has-inline-color\">2010<\/span><\/p>\n\n\n\n<p>Stiftung einen Blumenpyramide<\/p>\n\n\n\n<p><span style=\"color:#e70c0f\" class=\"has-inline-color\">2011<\/span><\/p>\n\n\n\n<p>Beteiligung am Mittelaltermarkt<\/p>\n\n\n\n<p>Gl\u00fchweinstand auf dem ersten Wei\u00dfenthurmer Weihnachtsmarkt<\/p>\n\n\n\n<p><span style=\"color:#e70c0f\" class=\"has-inline-color\">2012<\/span><\/p>\n\n\n\n<p>Stiftung der zweiten Blumenpyramide<\/p>\n\n\n\n<p>Ausrichtung des ersten Wei\u00dfenthurmer Turmsingens in Zusammenarbeit mit den Wei\u00dfenthurmer Ch\u00f6ren und der Stadt Wei\u00dfenthurm<\/p>\n\n\n\n<p><span style=\"color:#e70c0f\" class=\"has-inline-color\">2013<\/span><\/p>\n\n\n\n<p>Stiftung von Kaffeservice und Besteck f\u00fcr den Eulenturm<\/p>\n\n\n\n<p><span style=\"color:#e70c0f\" class=\"has-inline-color\">2014<\/span><\/p>\n\n\n\n<p>Vorstellung der Aktion Beetpaten<\/p>\n\n\n\n<p>Ausrichtung des ersten Picknicks im Park<\/p>\n\n\n\n<p>Stiftung zweier Sitzb\u00e4nke f\u00fcr den Eingang zum Courri\u00e9rpark<\/p>\n\n\n\n\n\n<p><span style=\"color:#e70c0f\" class=\"has-inline-color\">2015<\/span><\/p>\n\n\n\n<p>\u00dcbernahme der Beetpatenschaft f\u00fcr das Beet am Eingang zum Courri\u00e9rpark<\/p>\n\n\n\n<p><img loading=\"lazy\" decoding=\"async\" width=\"167\" height=\"145\" src=\"\">Stiftung einer Lichterkette f\u00fcr<\/p>\n\n\n\n<p>die Weihnachtsbeleuchtung<\/p>\n\n\n\n<p><span style=\"color:#e70c0f\" class=\"has-inline-color\">2016<\/span><\/p>\n\n\n\n<p>Ausrichtung der mittlerweile 15.ten Proppertage<\/p>\n\n\n\n<p>Beteiligung an der Stiftung der neuen Bestuhlung f\u00fcr den Eulenturm<\/p>\n\n\n\n\n\n<p>Stiftung einer zweiten Lichterkette f\u00fcr die Weihnachtsbeleuchtung<\/p>\n\n\n\n<p><span style=\"color:#e70c0f\" class=\"has-inline-color\">2017<\/span><\/p>\n\n\n\n<p>Beteiligung an den Kosten f\u00fcr die Webcam im Eulenturm<\/p>\n\n\n\n<p><span style=\"color:#e70c0f\" class=\"has-inline-color\">2019<\/span><\/p>\n\n\n\n<p>Stiftung von 2 Ruheb\u00e4nken und 16 Blumenk\u00e4sten f\u00fcr das neugestaltete Rheinufer<\/p>\n\n\n\n<p>Der VVV geht mit eigener Homepage online<\/p>\n","protected":false},"excerpt":{"rendered":"<p>Die Geschichte des VVV 1964 Vereinsgr\u00fcndung 1984 Stiftung des Feuerwerks anl\u00e4sslich des Bierfestes 1986 Aufstellung des Schiffermast am Rheinufer Beteiligung am Eulenturmbasar 1987 Herausgabe des Bildband Wei\u00dfenthurm wie es auch einmal war 1988 Stiftung des Feuerwerks anl\u00e4sslich des letzten Wei\u00dfenthurmer &hellip; <a href=\"https:\/\/vvv-weissenthurm.de\/?page_id=54\">Weiterlesen <span class=\"meta-nav\">&rarr;<\/span><\/a><\/p>\n","protected":false},"author":1,"featured_media":0,"parent":0,"menu_order":0,"comment_status":"closed","ping_status":"closed","template":"sidebar-page.php","meta":{"footnotes":""},"class_list":["post-54","page","type-page","status-publish","hentry"],"_links":{"self":[{"href":"https:\/\/vvv-weissenthurm.de\/index.php?rest_route=\/wp\/v2\/pages\/54","targetHints":{"allow":["GET"]}}],"collection":[{"href":"https:\/\/vvv-weissenthurm.de\/index.php?rest_route=\/wp\/v2\/pages"}],"about":[{"href":"https:\/\/vvv-weissenthurm.de\/index.php?rest_route=\/wp\/v2\/types\/page"}],"author":[{"embeddable":true,"href":"https:\/\/vvv-weissenthurm.de\/index.php?rest_route=\/wp\/v2\/users\/1"}],"replies":[{"embeddable":true,"href":"https:\/\/vvv-weissenthurm.de\/index.php?rest_route=%2Fwp%2Fv2%2Fcomments&post=54"}],"version-history":[{"count":13,"href":"https:\/\/vvv-weissenthurm.de\/index.php?rest_route=\/wp\/v2\/pages\/54\/revisions"}],"predecessor-version":[{"id":480,"href":"https:\/\/vvv-weissenthurm.de\/index.php?rest_route=\/wp\/v2\/pages\/54\/revisions\/480"}],"wp:attachment":[{"href":"https:\/\/vvv-weissenthurm.de\/index.php?rest_route=%2Fwp%2Fv2%2Fmedia&parent=54"}],"curies":[{"name":"wp","href":"https:\/\/api.w.org\/{rel}","templated":true}]}}