{"id":51,"date":"2020-02-25T17:49:15","date_gmt":"2020-02-25T17:49:15","guid":{"rendered":"http:\/\/vvv-weissenthurm.de\/?page_id=51"},"modified":"2020-02-25T18:01:15","modified_gmt":"2020-02-25T18:01:15","slug":"impressum","status":"publish","type":"page","link":"https:\/\/vvv-weissenthurm.de\/?page_id=51","title":{"rendered":"Impressum"},"content":{"rendered":"\n<p>Verkehrs- und Versch\u00f6nerungsverein WeissenthurmInternetauftritt: vvv-weissenthurm.de<\/p>\n\n\n\n<p>F\u00fcr den Inhalt Verantwortlich:<\/p>\n\n\n\n<p>Kerstin Pretz, Bahnhofstrasse. 11, 56575 Wei\u00dfenthurm<\/p>\n\n\n\n<p>1. Haftungsbeschr\u00e4nkung<\/p>\n\n\n\n<p>Die Inhalte dieser Website werden mit gr\u00f6\u00dftm\u00f6glicher Sorgfalt erstellt. Der  Verkehrs- und Versch\u00f6nerungsverein Weissenthurm \u00fcbernimmt jedoch keine Gew\u00e4hr f\u00fcr die Richtigkeit, Vollst\u00e4ndigkeit und Aktualit\u00e4t der bereitgestellten Inhalte. Die Nutzung der Inhalte der Website erfolgt auf eigene Gefahr des Nutzers. Namentlich gekennzeichnete Beitr\u00e4ge geben die Meinung des jeweiligen Autors und nicht immer die Meinung des Vereins wieder.<\/p>\n\n\n\n<p>Der  Verkehrs- und Versch\u00f6nerungsverein Weissenthurm wird sich bem\u00fchen, den Dienst m\u00f6glichst unterbrechungsfrei zum Abruf anzubieten. Auch bei aller Sorgfalt k\u00f6nnen aber Ausfallzeiten nicht ausgeschlossen werden. Der  Verkehrs- und Versch\u00f6nerungsverein Weissenthurm beh\u00e4lt sich das Recht vor, sein Angebot jederzeit zu \u00e4ndern oder einzustellen.<\/p>\n\n\n\n<p>Diese Website enth\u00e4lt Verkn\u00fcpfungen zu Websites Dritter (\u201eexterne Links\u201c). Diese Websites unterliegen der Haftung der jeweiligen Betreiber. Der  Verkehrs- und Versch\u00f6nerungsverein Weissenthurm hat bei der erstmaligen Verkn\u00fcpfung der externen Links die fremden Inhalte daraufhin \u00fcberpr\u00fcft, ob etwaige Rechtsverst\u00f6\u00dfe bestehen. Zu dem Zeitpunkt waren keine Rechtsverst\u00f6\u00dfe ersichtlich. Der  Verkehrs- und Versch\u00f6nerungsverein Weissenthurm hat keinerlei Einfluss auf die aktuelle und zuk\u00fcnftige Gestaltung und auf die Inhalte der verkn\u00fcpften Seiten. Das Setzen von externen Links bedeutet nicht, dass sich der  Verkehrs- und Versch\u00f6nerungsverein Weissenthurm die hinter dem Verweis oder Link liegenden Inhalte zu Eigen macht. Eine st\u00e4ndige Kontrolle dieser externen Links istdem  Verkehrs- und Versch\u00f6nerungsverein Weissenthurm ohne konkrete Hinweise auf Rechtsverst\u00f6\u00dfe nicht zumutbar. Bei Kenntnis von Rechtsverst\u00f6\u00dfen werden jedoch derartige externe Links unverz\u00fcglich gel\u00f6scht.<\/p>\n\n\n\n<p>Mit der Nutzung der Website kommt keinerlei Vertragsverh\u00e4ltnis zwischen dem Nutzer und dem Anbieter zustande. Insofern ergeben sich auch keinerlei vertragliche oder quasivertragliche Anspr\u00fcche gegen den  Verkehrs- und Versch\u00f6nerungsverein Weissenthurm.<\/p>\n\n\n\n<p>2. Urheberrecht<\/p>\n\n\n\n<p>Die auf dieser Website ver\u00f6ffentlichten Inhalte unterliegen dem deutschen Urheberrecht. Jede vom deutschen Urheberrecht nicht zugelassene Verwertung bedarf der vorherigen schriftlichen Zustimmung des  Verkehrs- und Versch\u00f6nerungsverein Weissenthurm. Dies gilt insbesondere f\u00fcr Vervielf\u00e4ltigung, Bearbeitung, \u00dcbersetzung, Einspeicherung, Verarbeitung bzw. Wiedergabe von Inhalten in Datenbanken oder anderen elektronischen Medien und Systemen. Inhalte und Rechte Dritter sind dabei als solche gekennzeichnet. Die unerlaubte Vervielf\u00e4ltigung oder Weitergabe einzelner Inhalte oder kompletter Seiten ist nicht gestattet und strafbar. Lediglich die Herstellung von Kopien und Downloads f\u00fcr den pers\u00f6nlichen, privaten und nicht kommerziellen Gebrauch ist erlaubt.<\/p>\n\n\n\n<p>Links zur Website des  Verkehrs- und Versch\u00f6nerungsverein Weissenthurm  sind jederzeit willkommen und bed\u00fcrfen keiner Zustimmung durch den  Verkehrs- und Versch\u00f6nerungsverein Weissenthurm. Die Darstellung dieser Website in fremden Frames ist nur mit Erlaubnis zul\u00e4ssig.<\/p>\n\n\n\n<p>3. Anwendbares Recht<\/p>\n\n\n\n<p>Es gilt ausschlie\u00dflich das ma\u00dfgebliche Recht der Bundesrepublik Deutschland.<\/p>\n\n\n\n<p>4. Besondere Nutzungsbedingungen<\/p>\n\n\n\n<p>Soweit besondere Bedingungen f\u00fcr einzelne Nutzungen dieser Website von den vorgenannten Nummern 1. bis 4. abweichen, wird an entsprechender Stelle ausdr\u00fccklich darauf hingewiesen. In diesem Falle gelten im jeweiligen Einzelfall die besonderen Nutzungsbedingungen.<\/p>\n\n\n\n<p>Die Verwendung der Kontaktdaten des Impressums zu gewerblichen Zwecken (z.B. Werbung) ist ausdr\u00fccklich nicht erw\u00fcnscht. Der  Verkehrs- und Versch\u00f6nerungsverein Weissenthurm und alle auf dieser Website genannten Personen widersprechen hiermit jeder kommerziellen Verwendung und Weitergabe ihrer Daten.<\/p>\n\n\n\n<p>Stand: 11\/2017<\/p>\n","protected":false},"excerpt":{"rendered":"<p>Verkehrs- und Versch\u00f6nerungsverein WeissenthurmInternetauftritt: vvv-weissenthurm.de F\u00fcr den Inhalt Verantwortlich: Kerstin Pretz, Bahnhofstrasse. 11, 56575 Wei\u00dfenthurm 1. Haftungsbeschr\u00e4nkung Die Inhalte dieser Website werden mit gr\u00f6\u00dftm\u00f6glicher Sorgfalt erstellt. Der Verkehrs- und Versch\u00f6nerungsverein Weissenthurm \u00fcbernimmt jedoch keine Gew\u00e4hr f\u00fcr die Richtigkeit, Vollst\u00e4ndigkeit und &hellip; <a href=\"https:\/\/vvv-weissenthurm.de\/?page_id=51\">Weiterlesen <span class=\"meta-nav\">&rarr;<\/span><\/a><\/p>\n","protected":false},"author":1,"featured_media":0,"parent":0,"menu_order":0,"comment_status":"closed","ping_status":"closed","template":"sidebar-page.php","meta":{"footnotes":""},"class_list":["post-51","page","type-page","status-publish","hentry"],"_links":{"self":[{"href":"https:\/\/vvv-weissenthurm.de\/index.php?rest_route=\/wp\/v2\/pages\/51","targetHints":{"allow":["GET"]}}],"collection":[{"href":"https:\/\/vvv-weissenthurm.de\/index.php?rest_route=\/wp\/v2\/pages"}],"about":[{"href":"https:\/\/vvv-weissenthurm.de\/index.php?rest_route=\/wp\/v2\/types\/page"}],"author":[{"embeddable":true,"href":"https:\/\/vvv-weissenthurm.de\/index.php?rest_route=\/wp\/v2\/users\/1"}],"replies":[{"embeddable":true,"href":"https:\/\/vvv-weissenthurm.de\/index.php?rest_route=%2Fwp%2Fv2%2Fcomments&post=51"}],"version-history":[{"count":1,"href":"https:\/\/vvv-weissenthurm.de\/index.php?rest_route=\/wp\/v2\/pages\/51\/revisions"}],"predecessor-version":[{"id":52,"href":"https:\/\/vvv-weissenthurm.de\/index.php?rest_route=\/wp\/v2\/pages\/51\/revisions\/52"}],"wp:attachment":[{"href":"https:\/\/vvv-weissenthurm.de\/index.php?rest_route=%2Fwp%2Fv2%2Fmedia&parent=51"}],"curies":[{"name":"wp","href":"https:\/\/api.w.org\/{rel}","templated":true}]}}