{"id":499,"date":"2020-11-01T15:51:25","date_gmt":"2020-11-01T15:51:25","guid":{"rendered":"http:\/\/vvv-weissenthurm.de\/?page_id=499"},"modified":"2020-12-27T12:00:38","modified_gmt":"2020-12-27T12:00:38","slug":"products-page","status":"publish","type":"page","link":"https:\/\/vvv-weissenthurm.de\/?page_id=499","title":{"rendered":"Shop"},"content":{"rendered":"\n<p>Herzlich willkommen im Shop des Verkehrs- und Versch\u00f6nerungsvereins Weissenthurm. Hier finden Sie n\u00fctzliches rund um unsere Stadt.<\/p>\n\n\n\n<p>Neu in unserem Angebot: Schirme mit den Motiven der Stadt Wei\u00dfenthurm. Die Schirme gibt es zwei Ausf\u00fchrungen, als Stock- oder als Taschenschirm und k\u00f6nnen hier bestellt werden.<\/p>\n\n\n\n<div class=\"wp-block-media-text alignwide is-stacked-on-mobile\" style=\"grid-template-columns:29% auto\"><figure class=\"wp-block-media-text__media\"><a href=\"http:\/\/vvv-weissenthurm.de\/wp-content\/uploads\/2020\/12\/20201202_105840315_iOS-2-1-scaled.jpg\" target=\"_blank\" rel=\"noopener noreferrer\"><img loading=\"lazy\" decoding=\"async\" width=\"1024\" height=\"863\" src=\"https:\/\/vvv-weissenthurm.de\/wp-content\/uploads\/2020\/11\/s2-1-1024x863.png\" alt=\"\" class=\"wp-image-543 size-full\" srcset=\"https:\/\/vvv-weissenthurm.de\/wp-content\/uploads\/2020\/11\/s2-1-1024x863.png 1024w, https:\/\/vvv-weissenthurm.de\/wp-content\/uploads\/2020\/11\/s2-1-300x253.png 300w, https:\/\/vvv-weissenthurm.de\/wp-content\/uploads\/2020\/11\/s2-1-768x647.png 768w, https:\/\/vvv-weissenthurm.de\/wp-content\/uploads\/2020\/11\/s2-1-148x125.png 148w, https:\/\/vvv-weissenthurm.de\/wp-content\/uploads\/2020\/11\/s2-1-31x26.png 31w, https:\/\/vvv-weissenthurm.de\/wp-content\/uploads\/2020\/11\/s2-1-38x32.png 38w, https:\/\/vvv-weissenthurm.de\/wp-content\/uploads\/2020\/11\/s2-1-255x215.png 255w, https:\/\/vvv-weissenthurm.de\/wp-content\/uploads\/2020\/11\/s2-1-356x300.png 356w, https:\/\/vvv-weissenthurm.de\/wp-content\/uploads\/2020\/11\/s2-1.png 1197w\" sizes=\"auto, (max-width: 1024px) 100vw, 1024px\" \/><\/a><\/figure><div class=\"wp-block-media-text__content\">\n<div class=\"wp-block-group\"><div class=\"wp-block-group__inner-container is-layout-flow wp-block-group-is-layout-flow\">\n<p>Stockschirm, ca. 100cm Durchmesser<\/p>\n\n\n\n<p>25,00 EUR \/ St\u00fcck<\/p>\n<\/div><\/div>\n<\/div><\/div>\n\n\n\n<div class=\"wp-block-media-text alignwide is-stacked-on-mobile\" style=\"grid-template-columns:29% auto\"><figure class=\"wp-block-media-text__media\"><a href=\"http:\/\/vvv-weissenthurm.de\/wp-content\/uploads\/2020\/12\/Taschenschirm-II.jpg\" target=\"_blank\" rel=\"noopener noreferrer\"><img loading=\"lazy\" decoding=\"async\" width=\"953\" height=\"735\" src=\"http:\/\/vvv-weissenthurm.de\/wp-content\/uploads\/2020\/12\/Taschenschirm-II.jpg\" alt=\"\" class=\"wp-image-577 size-full\" srcset=\"https:\/\/vvv-weissenthurm.de\/wp-content\/uploads\/2020\/12\/Taschenschirm-II.jpg 953w, https:\/\/vvv-weissenthurm.de\/wp-content\/uploads\/2020\/12\/Taschenschirm-II-300x231.jpg 300w, https:\/\/vvv-weissenthurm.de\/wp-content\/uploads\/2020\/12\/Taschenschirm-II-768x592.jpg 768w, https:\/\/vvv-weissenthurm.de\/wp-content\/uploads\/2020\/12\/Taschenschirm-II-148x114.jpg 148w, https:\/\/vvv-weissenthurm.de\/wp-content\/uploads\/2020\/12\/Taschenschirm-II-31x24.jpg 31w, https:\/\/vvv-weissenthurm.de\/wp-content\/uploads\/2020\/12\/Taschenschirm-II-38x29.jpg 38w, https:\/\/vvv-weissenthurm.de\/wp-content\/uploads\/2020\/12\/Taschenschirm-II-279x215.jpg 279w, https:\/\/vvv-weissenthurm.de\/wp-content\/uploads\/2020\/12\/Taschenschirm-II-389x300.jpg 389w\" sizes=\"auto, (max-width: 953px) 100vw, 953px\" \/><\/a><\/figure><div class=\"wp-block-media-text__content\">\n<p>Taschenschirm, ca. 80cm Durchmesser<\/p>\n\n\n\n<p>20,00 EUR \/ St\u00fcck<\/p>\n<\/div><\/div>\n\n\n\n<p>Die Schirme tragen Motive des Eulenturms, der Rheinbr\u00fccke, des neugestalteten Rheinufers, der katholischen und evangelischen Kirche, des Hoche-Denkmals und des B\u00fcrgermeisteramtes sowie des Kriegerdenkmales am neuen Friedhof.<\/p>\n\n\n\n<p>Aufkleber mit der Silhouette von Weissenthurm, transparent, wahlweise mit silberner oder schwarzer Grafik. <\/p>\n\n\n\n<div class=\"wp-block-media-text alignwide is-stacked-on-mobile\" style=\"grid-template-columns:28% auto\"><figure class=\"wp-block-media-text__media\"><a href=\"http:\/\/vvv-weissenthurm.de\/wp-content\/uploads\/2020\/12\/Siluette.jpg\" target=\"_blank\" rel=\"noopener noreferrer\"><img loading=\"lazy\" decoding=\"async\" width=\"1024\" height=\"711\" src=\"http:\/\/vvv-weissenthurm.de\/wp-content\/uploads\/2020\/12\/Siluette-1024x711.jpg\" alt=\"\" class=\"wp-image-579 size-full\" srcset=\"https:\/\/vvv-weissenthurm.de\/wp-content\/uploads\/2020\/12\/Siluette-1024x711.jpg 1024w, https:\/\/vvv-weissenthurm.de\/wp-content\/uploads\/2020\/12\/Siluette-300x208.jpg 300w, https:\/\/vvv-weissenthurm.de\/wp-content\/uploads\/2020\/12\/Siluette-768x533.jpg 768w, https:\/\/vvv-weissenthurm.de\/wp-content\/uploads\/2020\/12\/Siluette-148x103.jpg 148w, https:\/\/vvv-weissenthurm.de\/wp-content\/uploads\/2020\/12\/Siluette-31x22.jpg 31w, https:\/\/vvv-weissenthurm.de\/wp-content\/uploads\/2020\/12\/Siluette-38x26.jpg 38w, https:\/\/vvv-weissenthurm.de\/wp-content\/uploads\/2020\/12\/Siluette-310x215.jpg 310w, https:\/\/vvv-weissenthurm.de\/wp-content\/uploads\/2020\/12\/Siluette-432x300.jpg 432w, https:\/\/vvv-weissenthurm.de\/wp-content\/uploads\/2020\/12\/Siluette.jpg 1520w\" sizes=\"auto, (max-width: 1024px) 100vw, 1024px\" \/><\/a><\/figure><div class=\"wp-block-media-text__content\">\n<p>Weissenthurm Aufkleber, Gr\u00f6\u00dfe: 20 * 7,5cm<\/p>\n\n\n\n<p>3,00 EUR \/ St\u00fcck<\/p>\n<\/div><\/div>\n\n\n\n<div class=\"wp-block-buttons is-layout-flex wp-block-buttons-is-layout-flex\">\n<div class=\"wp-block-button\"><a class=\"wp-block-button__link\" href=\"http:\/\/vvv-weissenthurm.de\/wp-content\/uploads\/2020\/12\/Bestellschein-2021.pdf\" target=\"_blank\" rel=\"noreferrer noopener\">Den Bestellschein finden Sie hier zum Download<\/a><\/div>\n<\/div>\n\n\n\n<p><\/p>\n","protected":false},"excerpt":{"rendered":"<p>Herzlich willkommen im Shop des Verkehrs- und Versch\u00f6nerungsvereins Weissenthurm. Hier finden Sie n\u00fctzliches rund um unsere Stadt. Neu in unserem Angebot: Schirme mit den Motiven der Stadt Wei\u00dfenthurm. Die Schirme gibt es zwei Ausf\u00fchrungen, als Stock- oder als Taschenschirm und &hellip; <a href=\"https:\/\/vvv-weissenthurm.de\/?page_id=499\">Weiterlesen <span class=\"meta-nav\">&rarr;<\/span><\/a><\/p>\n","protected":false},"author":1,"featured_media":0,"parent":0,"menu_order":0,"comment_status":"closed","ping_status":"closed","template":"","meta":{"footnotes":""},"class_list":["post-499","page","type-page","status-publish","hentry"],"_links":{"self":[{"href":"https:\/\/vvv-weissenthurm.de\/index.php?rest_route=\/wp\/v2\/pages\/499","targetHints":{"allow":["GET"]}}],"collection":[{"href":"https:\/\/vvv-weissenthurm.de\/index.php?rest_route=\/wp\/v2\/pages"}],"about":[{"href":"https:\/\/vvv-weissenthurm.de\/index.php?rest_route=\/wp\/v2\/types\/page"}],"author":[{"embeddable":true,"href":"https:\/\/vvv-weissenthurm.de\/index.php?rest_route=\/wp\/v2\/users\/1"}],"replies":[{"embeddable":true,"href":"https:\/\/vvv-weissenthurm.de\/index.php?rest_route=%2Fwp%2Fv2%2Fcomments&post=499"}],"version-history":[{"count":27,"href":"https:\/\/vvv-weissenthurm.de\/index.php?rest_route=\/wp\/v2\/pages\/499\/revisions"}],"predecessor-version":[{"id":625,"href":"https:\/\/vvv-weissenthurm.de\/index.php?rest_route=\/wp\/v2\/pages\/499\/revisions\/625"}],"wp:attachment":[{"href":"https:\/\/vvv-weissenthurm.de\/index.php?rest_route=%2Fwp%2Fv2%2Fmedia&parent=499"}],"curies":[{"name":"wp","href":"https:\/\/api.w.org\/{rel}","templated":true}]}}