{"id":257,"date":"2020-08-26T06:49:56","date_gmt":"2020-08-26T06:49:56","guid":{"rendered":"http:\/\/vvv-weissenthurm.de\/?page_id=257"},"modified":"2020-09-02T15:35:39","modified_gmt":"2020-09-02T15:35:39","slug":"weisser-thurm-dritter-stock","status":"publish","type":"page","link":"https:\/\/vvv-weissenthurm.de\/?page_id=257","title":{"rendered":"Wei\u00dfer Thurm &#8211; Historien-Raum der gro\u00dfen Ka&#038;Ki Weissenthurm"},"content":{"rendered":"\n<p><\/p>\n\n\n\t\t<link href=\"https:\/\/vvv-weissenthurm.de\/wp-content\/plugins\/slideshow-ck\/themes\/default\/css\/camera.css\" rel=\"stylesheet\" type=\"text\/css\" \/>\n\t\t<style type=\"text\/css\">\n\t\t\t#camera_wrap_310 .camera_pag_ul li img, #camera_wrap_310 .camera_thumbs_cont ul li img {\n\t\t\t\theight:100px;\n\t\t\t\twidth: auto;\n\t\t\t}\n\t\t\t#camera_wrap_310 .camera_caption {\n\t\t\t\tdisplay: block;\n\t\t\t\tposition: absolute;\n\t\t\t}\n\t\t\t#camera_wrap_310 .camera_caption a.camera_caption_link {\n\t\t\t\tdisplay: block;\n\t\t\t\tposition: absolute;\n\t\t\t\tleft: 0;\n\t\t\t\tright: 0;\n\t\t\t\ttop: 0;\n\t\t\t\tbottom: 0;\n\t\t\t}\n\t\t\t#camera_wrap_310 .camera_caption > div {\n\t\t\t\tbackground: #000000;\t\t\t}\n\t\t\t#camera_wrap_310 .camera_caption div.camera_caption_title {\n\t\t\t\tfont-size: 18px;line-height: 18px;font-weight: normal;\t\t\t}\n\t\t\t#camera_wrap_310 .camera_caption div.camera_caption_desc {\n\t\t\t\tfont-size: 12px;line-height: 12px;font-weight: normal;\t\t\t}\n\t\t<\/style>\n\t\t\t\t<div class=\"slideshowck camera_wrap camera_amber_skin\" id=\"camera_wrap_310\" style=\"width:110%;\">\n\t\t\t\t\t\t\t<div data-rel=\"lightbox\"  data-thumb=\"https:\/\/vvv-weissenthurm.de\/wp-content\/uploads\/2021\/05\/kaundkieinleitung-3.png\" data-src=\"https:\/\/vvv-weissenthurm.de\/wp-content\/uploads\/2021\/05\/kaundkieinleitung-3.png\" data-link=\"https:\/\/vvv-weissenthurm.de\/wp-content\/uploads\/2021\/05\/kaundkieinleitung-3.png\" data-target=\"lightbox\" data-alignment=\"center\" data-time=\"10000\">\n\t\t\t\t\t\t\t\t\t\t\t\t<div class=\"camera_caption moveFromLeft\">\n\t\t\t\t\t\t\t\t\t\t\t\t\t\t\t\t\t\t\t\t\t<div class=\"camera_caption_desc\">\n\t\t\t\t\t\t\t\tKlick f\u00fcr Gro\u00dfansicht\t\t\t\t\t\t\t<\/div>\n\t\t\t\t\t\t\t\t\t\t\t\t\t\t\t\t\t\t\t\t\t\t\t\t\t\t\t<\/div>\n\t\t\t\t\t\t\t\t\t\t<\/div>\n\t\t\t\t\t\t\t<div data-rel=\"lightbox\"  data-thumb=\"https:\/\/vvv-weissenthurm.de\/wp-content\/uploads\/2020\/08\/Pano2.jpg\" data-src=\"https:\/\/vvv-weissenthurm.de\/wp-content\/uploads\/2020\/08\/Pano2.jpg\" data-link=\"https:\/\/vvv-weissenthurm.de\/wp-content\/uploads\/2020\/08\/Pano2.jpg\" data-target=\"lightbox\">\n\t\t\t\t\t\t\t\t\t\t\t\t<div class=\"camera_caption moveFromLeft\">\n\t\t\t\t\t\t\t\t\t\t\t\t\t\t\t\t\t\t\t\t\t<div class=\"camera_caption_desc\">\n\t\t\t\t\t\t\t\tPanoarma des Raumes mit diversen Prinzen-, Ex-Prinzen-,Gardeuniformen verschiedener Epochen -Klick f\u00fcr Panorama-\t\t\t\t\t\t\t<\/div>\n\t\t\t\t\t\t\t\t\t\t\t\t\t\t\t\t\t\t\t\t\t\t\t\t\t\t\t<\/div>\n\t\t\t\t\t\t\t\t\t\t<\/div>\n\t\t\t\t\t\t\t<div data-rel=\"lightbox\"  data-thumb=\"https:\/\/vvv-weissenthurm.de\/wp-content\/uploads\/2020\/08\/Pano1-1.jpg\" data-src=\"https:\/\/vvv-weissenthurm.de\/wp-content\/uploads\/2020\/08\/Pano1-1.jpg\" data-link=\"https:\/\/vvv-weissenthurm.de\/wp-content\/uploads\/2020\/08\/Pano1-1.jpg\" data-target=\"lightbox\">\n\t\t\t\t\t\t\t\t\t\t\t\t<div class=\"camera_caption moveFromLeft\">\n\t\t\t\t\t\t\t\t\t\t\t\t\t\t\t\t\t\t\t\t\t<div class=\"camera_caption_desc\">\n\t\t\t\t\t\t\t\tPanorama des Raumes mit Vitrinen zur Enstehungsgeschichte der Ka & Ki: Original Dokumenten aus verschiedenen Epochen -Klick f\u00fcr Panorama-\t\t\t\t\t\t\t<\/div>\n\t\t\t\t\t\t\t\t\t\t\t\t\t\t\t\t\t\t\t\t\t\t\t\t\t\t\t<\/div>\n\t\t\t\t\t\t\t\t\t\t<\/div>\n\t\t\t\t\t\t\t<div data-rel=\"lightbox\"  data-thumb=\"https:\/\/vvv-weissenthurm.de\/wp-content\/uploads\/2020\/08\/P1070692-scaled.jpg\" data-src=\"https:\/\/vvv-weissenthurm.de\/wp-content\/uploads\/2020\/08\/P1070692-scaled.jpg\" data-link=\"https:\/\/vvv-weissenthurm.de\/wp-content\/uploads\/2020\/08\/P1070692-scaled.jpg\" data-target=\"lightbox\">\n\t\t\t\t\t\t\t\t\t\t\t\t<div class=\"camera_caption moveFromLeft\">\n\t\t\t\t\t\t\t\t\t\t\t\t\t\t\t\t\t\t\t\t\t<div class=\"camera_caption_desc\">\n\t\t\t\t\t\t\t\tOriginal Standarte des \"Gr\u00fcndungsvereins\" der Kirmesgesellschaft von 1921, daraus entstand nach dem Krieg die Ka & Ki -Klick f\u00fcr Panorama-\t\t\t\t\t\t\t<\/div>\n\t\t\t\t\t\t\t\t\t\t\t\t\t\t\t\t\t\t\t\t\t\t\t\t\t\t\t<\/div>\n\t\t\t\t\t\t\t\t\t\t<\/div>\n\t\t\t\t\t\t\t<div data-rel=\"lightbox\"  data-thumb=\"https:\/\/vvv-weissenthurm.de\/wp-content\/uploads\/2020\/08\/P1070687-scaled.jpg\" data-src=\"https:\/\/vvv-weissenthurm.de\/wp-content\/uploads\/2020\/08\/P1070687-scaled.jpg\" data-link=\"https:\/\/vvv-weissenthurm.de\/wp-content\/uploads\/2020\/08\/P1070687-scaled.jpg\" data-target=\"lightbox\">\n\t\t\t\t\t\t\t\t\t\t\t\t<div class=\"camera_caption moveFromLeft\">\n\t\t\t\t\t\t\t\t\t\t\t\t\t\t\t\t\t\t\t\t\t<div class=\"camera_caption_desc\">\n\t\t\t\t\t\t\t\tPrinzenuniform Prinz G\u00fcnter I., Ex-Prinzen Uniform der dritten Generation von Ex- Prinz Alfred I. -Klick f\u00fcr Panorama-\t\t\t\t\t\t\t<\/div>\n\t\t\t\t\t\t\t\t\t\t\t\t\t\t\t\t\t\t\t\t\t\t\t\t\t\t\t<\/div>\n\t\t\t\t\t\t\t\t\t\t<\/div>\n\t\t\t\t\t\t\t<div data-rel=\"lightbox\"  data-thumb=\"https:\/\/vvv-weissenthurm.de\/wp-content\/uploads\/2020\/08\/P1070682-scaled.jpg\" data-src=\"https:\/\/vvv-weissenthurm.de\/wp-content\/uploads\/2020\/08\/P1070682-scaled.jpg\" data-link=\"https:\/\/vvv-weissenthurm.de\/wp-content\/uploads\/2020\/08\/P1070682-scaled.jpg\" data-target=\"lightbox\">\n\t\t\t\t\t\t\t\t\t\t\t\t<div class=\"camera_caption moveFromLeft\">\n\t\t\t\t\t\t\t\t\t\t\t\t\t\t\t\t\t\t\t\t\t<div class=\"camera_caption_desc\">\n\t\t\t\t\t\t\t\tBilder der Ex-Prinzen mit Ihren Orden, diese hingen fr\u00fcher in der Sch\u00f6ffenstube -Klick f\u00fcr Panorama-\t\t\t\t\t\t\t<\/div>\n\t\t\t\t\t\t\t\t\t\t\t\t\t\t\t\t\t\t\t\t\t\t\t\t\t\t\t<\/div>\n\t\t\t\t\t\t\t\t\t\t<\/div>\n\t\t\t\t\t\t\t<div data-rel=\"lightbox\"  data-thumb=\"https:\/\/vvv-weissenthurm.de\/wp-content\/uploads\/2020\/08\/P1070679-scaled.jpg\" data-src=\"https:\/\/vvv-weissenthurm.de\/wp-content\/uploads\/2020\/08\/P1070679-scaled.jpg\" data-link=\"https:\/\/vvv-weissenthurm.de\/wp-content\/uploads\/2020\/08\/P1070679-scaled.jpg\" data-target=\"lightbox\">\n\t\t\t\t\t\t\t\t\t\t\t\t<div class=\"camera_caption moveFromLeft\">\n\t\t\t\t\t\t\t\t\t\t\t\t\t\t\t\t\t\t\t\t\t<div class=\"camera_caption_desc\">\n\t\t\t\t\t\t\t\tAus Holz handgefertigter Orden der Amazonen -Klick f\u00fcr Panorama-\t\t\t\t\t\t\t<\/div>\n\t\t\t\t\t\t\t\t\t\t\t\t\t\t\t\t\t\t\t\t\t\t\t\t\t\t\t<\/div>\n\t\t\t\t\t\t\t\t\t\t<\/div>\n\t\t\t\t\t\t\t<div data-rel=\"lightbox\"  data-thumb=\"https:\/\/vvv-weissenthurm.de\/wp-content\/uploads\/2020\/08\/P1070678-scaled.jpg\" data-src=\"https:\/\/vvv-weissenthurm.de\/wp-content\/uploads\/2020\/08\/P1070678-scaled.jpg\" data-link=\"https:\/\/vvv-weissenthurm.de\/wp-content\/uploads\/2020\/08\/P1070678-scaled.jpg\" data-target=\"lightbox\">\n\t\t\t\t\t\t\t\t\t\t\t\t<div class=\"camera_caption moveFromLeft\">\n\t\t\t\t\t\t\t\t\t\t\t\t\t\t\t\t\t\t\t\t\t<div class=\"camera_caption_desc\">\n\t\t\t\t\t\t\t\tAus Holz handgefertigter Orden der Prinzengarde -Klick f\u00fcr Panorama-\t\t\t\t\t\t\t<\/div>\n\t\t\t\t\t\t\t\t\t\t\t\t\t\t\t\t\t\t\t\t\t\t\t\t\t\t\t<\/div>\n\t\t\t\t\t\t\t\t\t\t<\/div>\n\t\t\t\t\t\t\t<div data-rel=\"lightbox\"  data-thumb=\"https:\/\/vvv-weissenthurm.de\/wp-content\/uploads\/2020\/08\/P1070676-scaled.jpg\" data-src=\"https:\/\/vvv-weissenthurm.de\/wp-content\/uploads\/2020\/08\/P1070676-scaled.jpg\" data-link=\"https:\/\/vvv-weissenthurm.de\/wp-content\/uploads\/2020\/08\/P1070676-scaled.jpg\" data-target=\"lightbox\">\n\t\t\t\t\t\t\t\t\t\t\t\t<div class=\"camera_caption moveFromLeft\">\n\t\t\t\t\t\t\t\t\t\t\t\t\t\t\t\t\t\t\t\t\t<div class=\"camera_caption_desc\">\n\t\t\t\t\t\t\t\tIm Vordergrund Ex-Prinzen Uniform der zweiten Generation von Ex-Prinz Karl I.,Hintergrund Kinderprinz Julian I, Ex-Hofnarren Jacke von G\u00fcnter Moog -Klick f\u00fcr Panorama-\t\t\t\t\t\t\t<\/div>\n\t\t\t\t\t\t\t\t\t\t\t\t\t\t\t\t\t\t\t\t\t\t\t\t\t\t\t<\/div>\n\t\t\t\t\t\t\t\t\t\t<\/div>\n\t\t\t\t\t\t\t<div data-rel=\"lightbox\"  data-thumb=\"https:\/\/vvv-weissenthurm.de\/wp-content\/uploads\/2020\/08\/P1070674-scaled.jpg\" data-src=\"https:\/\/vvv-weissenthurm.de\/wp-content\/uploads\/2020\/08\/P1070674-scaled.jpg\" data-link=\"https:\/\/vvv-weissenthurm.de\/wp-content\/uploads\/2020\/08\/P1070674-scaled.jpg\" data-target=\"lightbox\">\n\t\t\t\t\t\t\t\t\t\t\t\t<div class=\"camera_caption moveFromLeft\">\n\t\t\t\t\t\t\t\t\t\t\t\t\t\t\t\t\t\t\t\t\t<div class=\"camera_caption_desc\">\n\t\t\t\t\t\t\t\tIm Vordergund Uniform Jed\u00f6hnsrat, Hintergrund Uniform Ehrengarde -Klick f\u00fcr Panorama-\t\t\t\t\t\t\t<\/div>\n\t\t\t\t\t\t\t\t\t\t\t\t\t\t\t\t\t\t\t\t\t\t\t\t\t\t\t<\/div>\n\t\t\t\t\t\t\t\t\t\t<\/div>\n\t\t\t\t\t\t\t<div data-rel=\"lightbox\"  data-thumb=\"https:\/\/vvv-weissenthurm.de\/wp-content\/uploads\/2020\/08\/P1070670-scaled.jpg\" data-src=\"https:\/\/vvv-weissenthurm.de\/wp-content\/uploads\/2020\/08\/P1070670-scaled.jpg\" data-link=\"https:\/\/vvv-weissenthurm.de\/wp-content\/uploads\/2020\/08\/P1070670-scaled.jpg\" data-target=\"lightbox\">\n\t\t\t\t\t\t\t\t\t\t\t\t<div class=\"camera_caption moveFromLeft\">\n\t\t\t\t\t\t\t\t\t\t\t\t\t\t\t\t\t\t\t\t\t<div class=\"camera_caption_desc\">\n\t\t\t\t\t\t\t\tlinks Uniform Prinz Peter I., mitte Hofnarren Kost\u00fcm der Ka & Ki, im Hintergrund in Vitrine Uniform Elferrat Heinz Benzenberg(Mitbger\u00fcnder Initiative \"Rettet den Eulenturm\"), rechts Uniform Prinz Prinz Klaus I -Klick f\u00fcr Panorama-\t\t\t\t\t\t\t<\/div>\n\t\t\t\t\t\t\t\t\t\t\t\t\t\t\t\t\t\t\t\t\t\t\t\t\t\t\t<\/div>\n\t\t\t\t\t\t\t\t\t\t<\/div>\n\t\t\t\t\t\t\t<div data-rel=\"lightbox\"  data-thumb=\"https:\/\/vvv-weissenthurm.de\/wp-content\/uploads\/2020\/08\/P1070681-scaled.jpg\" data-src=\"https:\/\/vvv-weissenthurm.de\/wp-content\/uploads\/2020\/08\/P1070681-scaled.jpg\" data-link=\"https:\/\/vvv-weissenthurm.de\/wp-content\/uploads\/2020\/08\/P1070681-scaled.jpg\" data-target=\"lightbox\">\n\t\t\t\t\t\t\t\t\t\t\t\t<div class=\"camera_caption moveFromLeft\">\n\t\t\t\t\t\t\t\t\t\t\t\t\t\t\t\t\t\t\t\t\t<div class=\"camera_caption_desc\">\n\t\t\t\t\t\t\t\tAus Holz handgefertigt -Klick f\u00fcr Panorama-es Wappen vom Funkencorps Blau-Gold -Klick f\u00fcr Panorama-\t\t\t\t\t\t\t<\/div>\n\t\t\t\t\t\t\t\t\t\t\t\t\t\t\t\t\t\t\t\t\t\t\t\t\t\t\t<\/div>\n\t\t\t\t\t\t\t\t\t\t<\/div>\n\t\t\t\t\t\t\t<div data-rel=\"lightbox\"  data-thumb=\"https:\/\/vvv-weissenthurm.de\/wp-content\/uploads\/2020\/08\/ThurerPrinzen.jpg\" data-src=\"https:\/\/vvv-weissenthurm.de\/wp-content\/uploads\/2020\/08\/ThurerPrinzen.jpg\" data-link=\"https:\/\/vvv-weissenthurm.de\/wp-content\/uploads\/2020\/08\/ThurerPrinzen.jpg\" data-target=\"lightbox\">\n\t\t\t\t\t\t\t\t\t\t\t\t<div class=\"camera_caption moveFromLeft\">\n\t\t\t\t\t\t\t\t\t\t\t\t\t\t\t\t\t\t\t\t\t<div class=\"camera_caption_desc\">\n\t\t\t\t\t\t\t\tBild Thurer Ex-Prinzen welches die Ex-Prinzen zu offiziellen Anl\u00e4ssen \u00fcberreichen -Klick f\u00fcr Panorama-\t\t\t\t\t\t\t<\/div>\n\t\t\t\t\t\t\t\t\t\t\t\t\t\t\t\t\t\t\t\t\t\t\t\t\t\t\t<\/div>\n\t\t\t\t\t\t\t\t\t\t<\/div>\n\t\t\t\t\t\t\t<div data-rel=\"lightbox\"  data-thumb=\"https:\/\/vvv-weissenthurm.de\/wp-content\/uploads\/2020\/08\/Eule.jpg\" data-src=\"https:\/\/vvv-weissenthurm.de\/wp-content\/uploads\/2020\/08\/Eule.jpg\" data-link=\"https:\/\/vvv-weissenthurm.de\/wp-content\/uploads\/2020\/08\/Eule.jpg\" data-target=\"lightbox\">\n\t\t\t\t\t\t\t\t\t\t\t\t<div class=\"camera_caption moveFromLeft\">\n\t\t\t\t\t\t\t\t\t\t\t\t\t\t<div class=\"camera_caption_title\">\n\t\t\t\t\t\t\t\tBild der T\u00fcr zur Torw\u00e4chter-Wohnung\t\t\t\t\t\t\t<\/div>\n\t\t\t\t\t\t\t\t\t\t\t\t\t\t\t\t\t\t\t\t\t<div class=\"camera_caption_desc\">\n\t\t\t\t\t\t\t\tOriginal Eule unseres Wahrzeichens dem Eulenturm, diese wurde uns von Karl-Heinz Kesselheim \u00fcbergeben. Diese stammt aus dem Nachlass seiner Gro\u00dfmutter    welche diese Eule neben dem Turm fand und pr\u00e4parieren lies -Klick f\u00fcr Panorama-\t\t\t\t\t\t\t<\/div>\n\t\t\t\t\t\t\t\t\t\t\t\t\t\t\t\t\t\t\t\t\t\t\t\t\t\t\t<\/div>\n\t\t\t\t\t\t\t\t\t\t<\/div>\n\t\t\t\t\t<\/div>\n\t\t<div style=\"clear:both;\"><\/div>\n\t\t\n\n\n\n<div class=\"wp-block-image\"><figure class=\"alignleft size-large is-resized\"><a href=\"http:\/\/vvv-weissenthurm.de\/?page_id=252\"><img loading=\"lazy\" decoding=\"async\" src=\"http:\/\/vvv-weissenthurm.de\/wp-content\/uploads\/2020\/08\/png-transparent-computer-icons-arrow-symbol-arrow.png\" alt=\"\" class=\"wp-image-269\" width=\"147\" height=\"83\" srcset=\"https:\/\/vvv-weissenthurm.de\/wp-content\/uploads\/2020\/08\/png-transparent-computer-icons-arrow-symbol-arrow.png 920w, https:\/\/vvv-weissenthurm.de\/wp-content\/uploads\/2020\/08\/png-transparent-computer-icons-arrow-symbol-arrow-300x167.png 300w, https:\/\/vvv-weissenthurm.de\/wp-content\/uploads\/2020\/08\/png-transparent-computer-icons-arrow-symbol-arrow-768x427.png 768w, https:\/\/vvv-weissenthurm.de\/wp-content\/uploads\/2020\/08\/png-transparent-computer-icons-arrow-symbol-arrow-500x278.png 500w, https:\/\/vvv-weissenthurm.de\/wp-content\/uploads\/2020\/08\/png-transparent-computer-icons-arrow-symbol-arrow-31x17.png 31w, https:\/\/vvv-weissenthurm.de\/wp-content\/uploads\/2020\/08\/png-transparent-computer-icons-arrow-symbol-arrow-38x21.png 38w, https:\/\/vvv-weissenthurm.de\/wp-content\/uploads\/2020\/08\/png-transparent-computer-icons-arrow-symbol-arrow-386x215.png 386w\" sizes=\"auto, (max-width: 147px) 100vw, 147px\" \/><\/a><\/figure><\/div>\n","protected":false},"excerpt":{"rendered":"","protected":false},"author":1,"featured_media":0,"parent":252,"menu_order":0,"comment_status":"closed","ping_status":"closed","template":"","meta":{"footnotes":""},"class_list":["post-257","page","type-page","status-publish","hentry"],"_links":{"self":[{"href":"https:\/\/vvv-weissenthurm.de\/index.php?rest_route=\/wp\/v2\/pages\/257","targetHints":{"allow":["GET"]}}],"collection":[{"href":"https:\/\/vvv-weissenthurm.de\/index.php?rest_route=\/wp\/v2\/pages"}],"about":[{"href":"https:\/\/vvv-weissenthurm.de\/index.php?rest_route=\/wp\/v2\/types\/page"}],"author":[{"embeddable":true,"href":"https:\/\/vvv-weissenthurm.de\/index.php?rest_route=\/wp\/v2\/users\/1"}],"replies":[{"embeddable":true,"href":"https:\/\/vvv-weissenthurm.de\/index.php?rest_route=%2Fwp%2Fv2%2Fcomments&post=257"}],"version-history":[{"count":6,"href":"https:\/\/vvv-weissenthurm.de\/index.php?rest_route=\/wp\/v2\/pages\/257\/revisions"}],"predecessor-version":[{"id":430,"href":"https:\/\/vvv-weissenthurm.de\/index.php?rest_route=\/wp\/v2\/pages\/257\/revisions\/430"}],"up":[{"embeddable":true,"href":"https:\/\/vvv-weissenthurm.de\/index.php?rest_route=\/wp\/v2\/pages\/252"}],"wp:attachment":[{"href":"https:\/\/vvv-weissenthurm.de\/index.php?rest_route=%2Fwp%2Fv2%2Fmedia&parent=257"}],"curies":[{"name":"wp","href":"https:\/\/api.w.org\/{rel}","templated":true}]}}