{"id":252,"date":"2020-08-26T06:47:40","date_gmt":"2020-08-26T06:47:40","guid":{"rendered":"http:\/\/vvv-weissenthurm.de\/?page_id=252"},"modified":"2021-09-05T15:59:42","modified_gmt":"2021-09-05T15:59:42","slug":"tag-des-denkmals","status":"publish","type":"page","link":"https:\/\/vvv-weissenthurm.de\/?page_id=252","title":{"rendered":"Tag des Denkmals"},"content":{"rendered":"\n<h1 class=\"has-medium-font-size wp-block-heading\">&#8230;. in diesem Jahr virtuell:<\/h1>\n\n\n\n<p>Leider ist es uns aufgrund der Corona Pandemie auch in diesem Jahr nicht m\u00f6glich den Tag des Denkmals wie gewohnt durchzuf\u00fchren. Damit aber trotzdem eine M\u00f6glichkeit der Besichtigung gegeben ist, bietet der Verkehrs-und Versch\u00f6nerungsverein Wei\u00dfenthurm e.V in Zusammenarbeit mit der Stadtverwaltung Wei\u00dfenthurm, die M\u00f6glichkeit zu einen virtuellen Rundgang durch das Wahrzeichen unserer Stadt an. Auf den folgenden Seiten finden Sie neben Bildern und Informationen aus und zu den verschiedenen R\u00e4umen des Wei\u00dfen Thurms, desgleichen auch f\u00fcr das General Hoche Denkmal und die kath. Pfarrkirche Heilige Dreifaltigkeit.<\/p>\n\n\n\n<p>Wir hoffen das wir Sie im n\u00e4chsten Jahe zum Tag des Denkmals wieder wie gewohnt, bei einem St\u00fcck Kuchen und einer Tasse Kaffee, pers\u00f6nlich im Weissen Thurm begr\u00fcssen k\u00f6nnen. Ihr VVV-Weissenthurm<\/p>\n\n\n\n<ul class=\"wp-block-list\"><li><a href=\"http:\/\/vvv-weissenthurm.de\/?page_id=297\">Einf\u00fchrung in die Geschichte des Weissen Thurms<\/a><\/li><li><a href=\"http:\/\/vvv-weissenthurm.de\/?page_id=262\">Bilder der Aussenansicht und der Informationstafeln<\/a><\/li><li><a href=\"http:\/\/vvv-weissenthurm.de\/?page_id=182\">Bildern aus der Sch\u00f6ffenstube &#8211; heute ein Raum f\u00fcr Standesamtliche Trauungen <\/a><\/li><li><a href=\"http:\/\/vvv-weissenthurm.de\/?page_id=255(\u00f6ffnet in neuem Tab)\">Bilder aus dem Eulenturm-Museum<\/a><\/li><li><a href=\"http:\/\/vvv-weissenthurm.de\/?page_id=257(\u00f6ffnet in neuem Tab)\">Bilder aus der Turmw\u00e4chter-Wohnung  &#8211; heute der Historien-Raum der gro\u00dfen Ka+Ki Weissenthurm<\/a><\/li><li><a href=\"http:\/\/vvv-weissenthurm.de\/?page_id=259(\u00f6ffnet in neuem Tab)\">Bilder aus dem Dachgescho\u00df des Wei\u00dfen Thurms<\/a><\/li><li><a href=\"http:\/\/vvv-weissenthurm.de\/?page_id=372\">Bilder des Monument General Hoche<\/a><\/li><li><a href=\"https:\/\/vvv-weissenthurm.de\/?page_id=688\">Bilder der Katholischen Pfarrkirche (im Aufbau)<\/a><\/li><\/ul>\n\n\n\n<p>Weiterf\u00fchrende Links zur Stadt Weissenthurm:<\/p>\n\n\n\n<ul class=\"wp-block-list\"><li><a rel=\"noreferrer noopener\" href=\"https:\/\/geschichtsverein-weissenthurm.de\/\" target=\"_blank\">Geschichtsverein Weissenthurm<\/a><\/li><li><a rel=\"noreferrer noopener\" href=\"https:\/\/www.weissenthurm.de\/\" target=\"_blank\">Stadt Weissenthurm<\/a><\/li><li><a rel=\"noreferrer noopener\" href=\"http:\/\/www.gdke-rlp.de\/\" target=\"_blank\">Generaldirektion Kulturelles Erbe Rheinland-Pfalz<\/a><\/li><li><a rel=\"noreferrer noopener\" href=\"https:\/\/tag-des-offenen-denkmals.de\/\" target=\"_blank\">Tag des offenen Denkmals<\/a><\/li><\/ul>\n\n\n\n<p><\/p>\n","protected":false},"excerpt":{"rendered":"<p>&#8230;. in diesem Jahr virtuell: Leider ist es uns aufgrund der Corona Pandemie auch in diesem Jahr nicht m\u00f6glich den Tag des Denkmals wie gewohnt durchzuf\u00fchren. Damit aber trotzdem eine M\u00f6glichkeit der Besichtigung gegeben ist, bietet der Verkehrs-und Versch\u00f6nerungsverein Wei\u00dfenthurm &hellip; <a href=\"https:\/\/vvv-weissenthurm.de\/?page_id=252\">Weiterlesen <span class=\"meta-nav\">&rarr;<\/span><\/a><\/p>\n","protected":false},"author":1,"featured_media":0,"parent":0,"menu_order":0,"comment_status":"closed","ping_status":"closed","template":"sidebar-page.php","meta":{"footnotes":""},"class_list":["post-252","page","type-page","status-publish","hentry"],"_links":{"self":[{"href":"https:\/\/vvv-weissenthurm.de\/index.php?rest_route=\/wp\/v2\/pages\/252","targetHints":{"allow":["GET"]}}],"collection":[{"href":"https:\/\/vvv-weissenthurm.de\/index.php?rest_route=\/wp\/v2\/pages"}],"about":[{"href":"https:\/\/vvv-weissenthurm.de\/index.php?rest_route=\/wp\/v2\/types\/page"}],"author":[{"embeddable":true,"href":"https:\/\/vvv-weissenthurm.de\/index.php?rest_route=\/wp\/v2\/users\/1"}],"replies":[{"embeddable":true,"href":"https:\/\/vvv-weissenthurm.de\/index.php?rest_route=%2Fwp%2Fv2%2Fcomments&post=252"}],"version-history":[{"count":32,"href":"https:\/\/vvv-weissenthurm.de\/index.php?rest_route=\/wp\/v2\/pages\/252\/revisions"}],"predecessor-version":[{"id":691,"href":"https:\/\/vvv-weissenthurm.de\/index.php?rest_route=\/wp\/v2\/pages\/252\/revisions\/691"}],"wp:attachment":[{"href":"https:\/\/vvv-weissenthurm.de\/index.php?rest_route=%2Fwp%2Fv2%2Fmedia&parent=252"}],"curies":[{"name":"wp","href":"https:\/\/api.w.org\/{rel}","templated":true}]}}